{"id":183,"date":"2018-10-12T14:02:18","date_gmt":"2018-10-12T14:02:18","guid":{"rendered":"https:\/\/www.sibsanalytics.com\/?page_id=183\/"},"modified":"2020-11-04T09:04:06","modified_gmt":"2020-11-04T09:04:06","slug":"ajuda","status":"publish","type":"page","link":"https:\/\/www.sibsanalytics.com\/en\/ajuda\/","title":{"rendered":"Help"},"content":{"rendered":"<p>SIBS Analytics is a Portal of Consumer Indicators which shows, in an aggregated and organised way, the data transacted by SIBS, within the multiplicity of channels managed by the company. In this Portal, you can see consumer indicators (in number and value), electronic and cash payment transactions, segmented by sectors of activity and geography. You can also obtain consumer characteristics (Portuguese consumers and foreign consumers in Portugal), by groups of consumers. These indicators can be viewed in the form of tables and graphics, or in infographic format.<\/p>\n<p>Those entities that wish to know more detailed or in-depth data may contact SIBS, using the form available in the Portal.<\/p>\n<p>The information provided in the Portal, as well as data processing, ensures statistical representativeness, never allowing any information or data on individuals or companies, nor the identifiability of personal data.<\/p>\n<p><span style=\"color: #3a75c4;\"><strong>Sectors of Economic Activity<\/strong><\/span><\/p>\n<p>The sectors of economic activities displayed in SIBS Analytics Portal correspond to a sector classification based on the Portuguese Standard Industrial Code (CAE \u2013 Classifica\u00e7\u00e3o Portuguesa de Atividades Econ\u00f3micas) assigned to the Merchants registered in SIBS system.<\/p>\n<p>Sectors of Economic Activity are grouped as follows:<\/p>\n<p>Specialised Retail Trade<br \/>\n\u2013 Technology, Culture and Leisure: appliances, electronics, books, etc.<br \/>\n\u2013 Decor and Home Equipment<br \/>\n\u2013 Clothing, footwear and accessories<br \/>\n\u2013 Vehicles and related parts and accessories: buses, vans, cars, motorbikes, etc.<br \/>\n\u2013 Building materials and do-it-yourself supplies: hardware, paints and varnishes, textiles, tiles, etc.<br \/>\n\u2013 Games, toys and childcare articles<br \/>\n\u2013 Sports, recreation and leisure supplies<br \/>\n\u2013 Pharmacies and drug stores<br \/>\n\u2013 Traditional trade: butchers, fish markets, breweries, etc.<br \/>\n\u2013 Beauty Products, Cosmetics and Perfumes<br \/>\n\u2013 Petrol stations<br \/>\n\u2013 Other Retailers<\/p>\n<p>Non-Specialised Retail Trade<br \/>\n\u2013 Hypermarkets and Supermarkets<br \/>\n\u2013 Grocery Stores, Mini Markets and Similar<br \/>\n\u2013 Non-Specialised Retail Trade<\/p>\n<p>Wholesale Trade<br \/>\n\u2013 Raw Materials: fuels and derivatives, ironmongery, wood, ores, etc.<br \/>\n\u2013 Consumer Goods: food, beverages, tobacco, etc.<br \/>\n\u2013 Wholesale Trade Agents<br \/>\n\u2013 Agricultural Raw Materials and Live Animals<br \/>\n\u2013 Information and Communication Equipment: computers, peripherals, software, etc.<br \/>\n\u2013 Machinery, Equipment and Supplies: cranes, tractors, agricultural machinery, etc.<br \/>\n\u2013 Wholesale Trade<\/p>\n<p>Services<br \/>\n\u2013 Hotels, local accommodation and similar lodging places<br \/>\n\u2013 Education and training: mainstream schools, private schools, driving schools, etc.<br \/>\n\u2013 Insurance and financial services<br \/>\n\u2013 Real estate services, building and architecture<br \/>\n\u2013 Culture, travel, entertainment and leisure: casinos and gambling, travel agencies, theater, concerts, etc.<br \/>\n\u2013 Press, media and advertising: production of video and television programs, edition of books, newspapers, etc.<br \/>\n\u2013 Restaurants, bars, cafes, catering services and similar establishments<br \/>\n\u2013 Hospital, clinical and health care services<br \/>\n\u2013 Passenger transportation and car rental<br \/>\n\u2013 Telecommunications and utilities<br \/>\n\u2013 Social assistance and support: nursing homes, rehabilitation centres, etc.<br \/>\n\u2013 Public administration services: tax offices, courts, social security, etc.<br \/>\n\u2013 Information technology services: consulting and computer programming, equipment repair, etc.<br \/>\n\u2013 Other Services<\/p>\n<p>Production and Industry<br \/>\n\u2013 Agriculture, livestock, hunting, forestry and fishing<br \/>\n\u2013 Mining and Quarrying<br \/>\n\u2013 Manufacturing<\/p>\n<p><span style=\"color: #3a75c4;\"><strong>Operation Types<\/strong><\/span><\/p>\n<p>The operations displayed in the \u201cConsumption Indicators\u201d section are:<\/p>\n<p>\u2013 Cash operations: including withdrawals and cash deposits<br \/>\n\u2013 Electronic payment operations: including on-site purchases, bill payments, mobile top-ups, payments to government, public transport ticket loading, and others<br \/>\n\u2013 All operations: includes cash operations and electronic payment operations<\/p>\n<p><span style=\"color: #3a75c4;\"><strong>Consumption Group Types<\/strong><\/span><\/p>\n<p>Under the \u201cConsumer Characteristics\u201d section, the consumption groups are categorised as follows:<\/p>\n<p>\u2013 High consumption: corresponds to 25% of the consumers with greater consumption, at national level<br \/>\n\u2013 High-Medium consumption: corresponds to the percentage between 25% and 50% of the consumers with greater consumption, at national level<br \/>\n\u2013 Medium consumption: corresponds to the percentage between 25% and 50% of the consumers with lower consumption, at national level<br \/>\n\u2013 Low consumption: corresponds to 25% of the consumers with lower consumption, at national level<\/p>\n<p><span style=\"color: #3a75c4;\"><strong>Visit Length<\/strong><\/span><\/p>\n<p>Under the \u201cConsumer Characteristics\u201d section, concerning the consumption of the foreigners visiting Portugal, the visit length information is grouped as follows:<\/p>\n<p>\u2013 short length visits: foreign visitors with registered consumption from 1 to 7 days<br \/>\n\u2013 average length visits: foreign visitors with registered consumption from 8 to 15 days<br \/>\n\u2013 long length visits: foreign visitors with registered consumption from 16 to 31 days<br \/>\n\u2013 many visits or residents: foreign visitors with registered consumption during 32 days or more<\/p>\n","protected":false},"excerpt":{"rendered":"<p>SIBS Analytics is a Portal of Consumer Indicators which shows, in an aggregated and organised way, the data transacted by SIBS, within the multiplicity of channels managed by the company. In this Portal, you can see consumer indicators (in number and value), electronic and cash payment transactions, segmented by sectors of activity and geography. You [&hellip;]<\/p>\n","protected":false},"author":20,"featured_media":0,"parent":0,"menu_order":0,"comment_status":"closed","ping_status":"closed","template":"","meta":{"_acf_changed":false,"footnotes":""},"class_list":["post-183","page","type-page","status-publish","hentry"],"acf":[],"yoast_head":"<!-- This site is optimized with the Yoast SEO plugin v26.9 - https:\/\/yoast.com\/product\/yoast-seo-wordpress\/ -->\n<title>Help - SIBS Analytics<\/title>\n<meta name=\"robots\" content=\"index, follow, max-snippet:-1, max-image-preview:large, max-video-preview:-1\" \/>\n<link rel=\"canonical\" href=\"https:\/\/www.sibsanalytics.com\/en\/ajuda\/\" \/>\n<meta property=\"og:locale\" content=\"en_US\" \/>\n<meta property=\"og:type\" content=\"article\" \/>\n<meta property=\"og:title\" content=\"Help - SIBS Analytics\" \/>\n<meta property=\"og:description\" content=\"SIBS Analytics is a Portal of Consumer Indicators which shows, in an aggregated and organised way, the data transacted by SIBS, within the multiplicity of channels managed by the company. In this Portal, you can see consumer indicators (in number and value), electronic and cash payment transactions, segmented by sectors of activity and geography. You [&hellip;]\" \/>\n<meta property=\"og:url\" content=\"https:\/\/www.sibsanalytics.com\/en\/ajuda\/\" \/>\n<meta property=\"og:site_name\" content=\"SIBS Analytics\" \/>\n<meta property=\"article:modified_time\" content=\"2020-11-04T09:04:06+00:00\" \/>\n<meta property=\"og:image\" content=\"https:\/\/www.sibsanalytics.com\/wp-content\/uploads\/2019\/05\/SIBS_Analytics_logo.png\" \/>\n\t<meta property=\"og:image:width\" content=\"263\" \/>\n\t<meta property=\"og:image:height\" content=\"139\" \/>\n\t<meta property=\"og:image:type\" content=\"image\/png\" \/>\n<meta name=\"twitter:card\" content=\"summary_large_image\" \/>\n<meta name=\"twitter:label1\" content=\"Est. reading time\" \/>\n\t<meta name=\"twitter:data1\" content=\"3 minutes\" \/>\n<script type=\"application\/ld+json\" class=\"yoast-schema-graph\">{\"@context\":\"https:\/\/schema.org\",\"@graph\":[{\"@type\":\"WebPage\",\"@id\":\"https:\/\/www.sibsanalytics.com\/en\/ajuda\/\",\"url\":\"https:\/\/www.sibsanalytics.com\/en\/ajuda\/\",\"name\":\"Help - SIBS Analytics\",\"isPartOf\":{\"@id\":\"https:\/\/www.sibsanalytics.com\/#website\"},\"datePublished\":\"2018-10-12T14:02:18+00:00\",\"dateModified\":\"2020-11-04T09:04:06+00:00\",\"breadcrumb\":{\"@id\":\"https:\/\/www.sibsanalytics.com\/en\/ajuda\/#breadcrumb\"},\"inLanguage\":\"en-US\",\"potentialAction\":[{\"@type\":\"ReadAction\",\"target\":[\"https:\/\/www.sibsanalytics.com\/en\/ajuda\/\"]}]},{\"@type\":\"BreadcrumbList\",\"@id\":\"https:\/\/www.sibsanalytics.com\/en\/ajuda\/#breadcrumb\",\"itemListElement\":[{\"@type\":\"ListItem\",\"position\":1,\"name\":\"Home\",\"item\":\"https:\/\/www.sibsanalytics.com\/en\/\"},{\"@type\":\"ListItem\",\"position\":2,\"name\":\"Help\"}]},{\"@type\":\"WebSite\",\"@id\":\"https:\/\/www.sibsanalytics.com\/#website\",\"url\":\"https:\/\/www.sibsanalytics.com\/\",\"name\":\"SIBS Analytics\",\"description\":\"\",\"potentialAction\":[{\"@type\":\"SearchAction\",\"target\":{\"@type\":\"EntryPoint\",\"urlTemplate\":\"https:\/\/www.sibsanalytics.com\/?s={search_term_string}\"},\"query-input\":{\"@type\":\"PropertyValueSpecification\",\"valueRequired\":true,\"valueName\":\"search_term_string\"}}],\"inLanguage\":\"en-US\"}]}<\/script>\n<!-- \/ Yoast SEO plugin. -->","yoast_head_json":{"title":"Help - SIBS Analytics","robots":{"index":"index","follow":"follow","max-snippet":"max-snippet:-1","max-image-preview":"max-image-preview:large","max-video-preview":"max-video-preview:-1"},"canonical":"https:\/\/www.sibsanalytics.com\/en\/ajuda\/","og_locale":"en_US","og_type":"article","og_title":"Help - SIBS Analytics","og_description":"SIBS Analytics is a Portal of Consumer Indicators which shows, in an aggregated and organised way, the data transacted by SIBS, within the multiplicity of channels managed by the company. In this Portal, you can see consumer indicators (in number and value), electronic and cash payment transactions, segmented by sectors of activity and geography. You [&hellip;]","og_url":"https:\/\/www.sibsanalytics.com\/en\/ajuda\/","og_site_name":"SIBS Analytics","article_modified_time":"2020-11-04T09:04:06+00:00","og_image":[{"width":263,"height":139,"url":"https:\/\/www.sibsanalytics.com\/wp-content\/uploads\/2019\/05\/SIBS_Analytics_logo.png","type":"image\/png"}],"twitter_card":"summary_large_image","twitter_misc":{"Est. reading time":"3 minutes"},"schema":{"@context":"https:\/\/schema.org","@graph":[{"@type":"WebPage","@id":"https:\/\/www.sibsanalytics.com\/en\/ajuda\/","url":"https:\/\/www.sibsanalytics.com\/en\/ajuda\/","name":"Help - SIBS Analytics","isPartOf":{"@id":"https:\/\/www.sibsanalytics.com\/#website"},"datePublished":"2018-10-12T14:02:18+00:00","dateModified":"2020-11-04T09:04:06+00:00","breadcrumb":{"@id":"https:\/\/www.sibsanalytics.com\/en\/ajuda\/#breadcrumb"},"inLanguage":"en-US","potentialAction":[{"@type":"ReadAction","target":["https:\/\/www.sibsanalytics.com\/en\/ajuda\/"]}]},{"@type":"BreadcrumbList","@id":"https:\/\/www.sibsanalytics.com\/en\/ajuda\/#breadcrumb","itemListElement":[{"@type":"ListItem","position":1,"name":"Home","item":"https:\/\/www.sibsanalytics.com\/en\/"},{"@type":"ListItem","position":2,"name":"Help"}]},{"@type":"WebSite","@id":"https:\/\/www.sibsanalytics.com\/#website","url":"https:\/\/www.sibsanalytics.com\/","name":"SIBS Analytics","description":"","potentialAction":[{"@type":"SearchAction","target":{"@type":"EntryPoint","urlTemplate":"https:\/\/www.sibsanalytics.com\/?s={search_term_string}"},"query-input":{"@type":"PropertyValueSpecification","valueRequired":true,"valueName":"search_term_string"}}],"inLanguage":"en-US"}]}},"_links":{"self":[{"href":"https:\/\/www.sibsanalytics.com\/en\/wp-json\/wp\/v2\/pages\/183","targetHints":{"allow":["GET"]}}],"collection":[{"href":"https:\/\/www.sibsanalytics.com\/en\/wp-json\/wp\/v2\/pages"}],"about":[{"href":"https:\/\/www.sibsanalytics.com\/en\/wp-json\/wp\/v2\/types\/page"}],"author":[{"embeddable":true,"href":"https:\/\/www.sibsanalytics.com\/en\/wp-json\/wp\/v2\/users\/20"}],"replies":[{"embeddable":true,"href":"https:\/\/www.sibsanalytics.com\/en\/wp-json\/wp\/v2\/comments?post=183"}],"version-history":[{"count":0,"href":"https:\/\/www.sibsanalytics.com\/en\/wp-json\/wp\/v2\/pages\/183\/revisions"}],"wp:attachment":[{"href":"https:\/\/www.sibsanalytics.com\/en\/wp-json\/wp\/v2\/media?parent=183"}],"curies":[{"name":"wp","href":"https:\/\/api.w.org\/{rel}","templated":true}]}}